{"id":837,"date":"2023-02-15T07:57:48","date_gmt":"2023-02-15T06:57:48","guid":{"rendered":"https:\/\/www.vdhaus.sk\/ausbaustufen\/"},"modified":"2024-04-19T12:48:45","modified_gmt":"2024-04-19T10:48:45","slug":"ausbaustufen","status":"publish","type":"page","link":"https:\/\/www.vdhaus.sk\/de\/ausbaustufen\/","title":{"rendered":"Ausbaustufen"},"content":{"rendered":"<div id=\"modal-ready\"><div id=\"pl-837\"  class=\"panel-layout\" ><div id=\"pg-837-0\"  class=\"panel-grid panel-no-style\" ><div id=\"pgc-837-0-0\"  class=\"panel-grid-cell\" ><div id=\"panel-837-0-0-0\" class=\"so-panel widget widget_sow-editor panel-first-child panel-last-child\" data-index=\"0\" ><div\n\t\t\t\n\t\t\tclass=\"so-widget-sow-editor so-widget-sow-editor-base\"\n\t\t\t\n\t\t>\n<div class=\"siteorigin-widget-tinymce textwidget\">\n\t<h3 style=\"padding-bottom: 0;\">Ausbauhaus<\/h3>\n<p>Ausbauhaus bedeutet bei uns alles ab:<\/p>\n<ul>\n<li>Bodenplatte<\/li>\n<li>Dach<\/li>\n<li>Fassade<\/li>\n<li>Fenster mit 3-fach Isolierverglasung<\/li>\n<li>Innenanstriche<\/li>\n<li>Leitungen (Wasser, Strom, Abwasser, Gas)<\/li>\n<li>Blitzableiter<\/li>\n<li>Schaltschrank<\/li>\n<li>Fu\u00dfbodenheizung<\/li>\n<li>Hauseingangst\u00fcr<\/li>\n<\/ul>\n<\/div>\n<\/div><\/div><\/div><div id=\"pgc-837-0-1\"  class=\"panel-grid-cell panel-grid-cell-empty\" ><\/div><div id=\"pgc-837-0-2\"  class=\"panel-grid-cell\" ><div id=\"panel-837-0-2-0\" class=\"so-panel widget widget_sow-editor panel-first-child panel-last-child\" data-index=\"1\" ><div\n\t\t\t\n\t\t\tclass=\"so-widget-sow-editor so-widget-sow-editor-base\"\n\t\t\t\n\t\t>\n<div class=\"siteorigin-widget-tinymce textwidget\">\n\t<h3 style=\"padding-bottom: 0;\">Schl\u00fcsselfertig<\/h3>\n<p>Montage \u2013 Sanit\u00e4rgegenst\u00e4nde, Lichtschalter, Steckdosen, Wandfliesen, Bodenfliesen, Leuchten, verlegte Fu\u00dfbodenbel\u00e4ge, Innent\u00fcren<\/p>\n<ul>\n<li>L\u00fcftungsanlage mit W\u00e4rmer\u00fcckgewinnung<\/li>\n<li>Sicherheitssystem (Alarmanlage)<\/li>\n<li>Boiler (Wassererhitzer)<\/li>\n<li>Wand- und Bodenfliesen, ausgew\u00e4hlt nach Katalog<\/li>\n<li>Laminatboden<\/li>\n<li>Laminatboden<\/li>\n<li>Badezimmer-Ausstattung (Badewanne, Dusche, Waschbecken, Toiletten, Armaturen)<\/li>\n<\/ul>\n<\/div>\n<\/div><\/div><\/div><div id=\"pgc-837-0-3\"  class=\"panel-grid-cell panel-grid-cell-empty\" ><\/div><div id=\"pgc-837-0-4\"  class=\"panel-grid-cell\" ><div id=\"panel-837-0-4-0\" class=\"so-panel widget widget_sow-editor panel-first-child panel-last-child\" data-index=\"2\" ><div\n\t\t\t\n\t\t\tclass=\"so-widget-sow-editor so-widget-sow-editor-base\"\n\t\t\t\n\t\t>\n<div class=\"siteorigin-widget-tinymce textwidget\">\n\t<h3 style=\"padding-bottom: 0;\">All Inclusive<\/h3>\n<p>Vollst\u00e4ndig eingerichtetes Haus nach Ihrer Wahl, mit Hilfe unseres Innenarchitekturstudios. Alles nach Ihren Vorstellungen, mit Hilfe von Innenarchitekten.<\/p>\n<ul>\n<li>Elektroger\u00e4te<\/li>\n<li>W\u00e4schetrockner, Waschmaschine<\/li>\n<li>Sitzgarnitur<\/li>\n<li>Betten<\/li>\n<li>Einbauschr\u00e4nke (Kleiderschrank)<\/li>\n<li>Videosprechanlage<\/li>\n<li>W\u00e4rmepumpe<\/li>\n<li>Esstisch und St\u00fchle<\/li>\n<\/ul>\n<\/div>\n<\/div><\/div><\/div><\/div><div id=\"pg-837-1\"  class=\"panel-grid panel-no-style\" ><div id=\"pgc-837-1-0\"  class=\"panel-grid-cell\" ><div id=\"panel-837-1-0-0\" class=\"so-panel widget widget_sow-editor panel-first-child panel-last-child\" data-index=\"3\" ><div\n\t\t\t\n\t\t\tclass=\"so-widget-sow-editor so-widget-sow-editor-base\"\n\t\t\t\n\t\t>\n<div class=\"siteorigin-widget-tinymce textwidget\">\n\t<h3 style=\"padding-bottom: 0;\">Individuell<\/h3>\n<p>Die Ausbaustufe \u201eIndividuell\u201c beginnt bei \u201eAusbauhaus\u201c und es liegt nur an Ihnen, zu welchen Ausbaustufe wir Ihr Haus fertigstellen sollen, was Sie in Eigenleistung erbringen und was Sie uns \u00fcberlassen.<\/p>\n<\/div>\n<\/div><\/div><\/div><div id=\"pgc-837-1-1\"  class=\"panel-grid-cell panel-grid-cell-empty\" ><\/div><div id=\"pgc-837-1-2\"  class=\"panel-grid-cell\" ><div id=\"panel-837-1-2-0\" class=\"so-panel widget widget_sow-editor panel-first-child panel-last-child\" data-index=\"4\" ><div\n\t\t\t\n\t\t\tclass=\"so-widget-sow-editor so-widget-sow-editor-base\"\n\t\t\t\n\t\t>\n<div class=\"siteorigin-widget-tinymce textwidget\">\n\t<h3 style=\"padding-bottom: 0;\">Au\u00dfenbereich<\/h3>\n<p>Leistungen im Au\u00dfenbereich:<\/p>\n<ul>\n<li>Zaun, Verbundpflaster, Terrasse, Garten, Rasen\u2026<\/li>\n<\/ul>\n<p>Diese Dienstleistungen werden nach Vereinbarung in Zusammenarbeit mit Experten f\u00fcr Au\u00dfenleistungen erbracht.<\/p>\n<\/div>\n<\/div><\/div><\/div><div id=\"pgc-837-1-3\"  class=\"panel-grid-cell panel-grid-cell-empty panel-grid-cell-mobile-last\" ><\/div><div id=\"pgc-837-1-4\"  class=\"panel-grid-cell panel-grid-cell-empty\" ><\/div><\/div><\/div><\/div>","protected":false},"excerpt":{"rendered":"<p>Ausbauhaus Ausbauhaus bedeutet bei uns alles ab: Bodenplatte Dach Fassade Fenster mit 3-fach Isolierverglasung Innenanstriche Leitungen (Wasser, Strom, Abwasser, Gas) Blitzableiter Schaltschrank Fu\u00dfbodenheizung Hauseingangst\u00fcr Schl\u00fcsselfertig Montage \u2013 Sanit\u00e4rgegenst\u00e4nde, Lichtschalter, Steckdosen, Wandfliesen, Bodenfliesen, Leuchten, verlegte Fu\u00dfbodenbel\u00e4ge, Innent\u00fcren L\u00fcftungsanlage mit W\u00e4rmer\u00fcckgewinnung Sicherheitssystem (Alarmanlage) Boiler (Wassererhitzer) Wand- und Bodenfliesen, ausgew\u00e4hlt nach Katalog Laminatboden Laminatboden Badezimmer-Ausstattung (Badewanne, Dusche, Waschbecken, <a href=\"https:\/\/www.vdhaus.sk\/de\/ausbaustufen\/\" class=\"more-link\">&#8230;<span class=\"screen-reader-text\">  Ausbaustufen<\/span><\/a><\/p>\n","protected":false},"author":3,"featured_media":717,"parent":0,"menu_order":0,"comment_status":"closed","ping_status":"closed","template":"","meta":{"inline_featured_image":false,"footnotes":""},"class_list":["post-837","page","type-page","status-publish","has-post-thumbnail","hentry"],"acf":[],"yoast_head":"<!-- This site is optimized with the Yoast SEO plugin v20.3 - https:\/\/yoast.com\/wordpress\/plugins\/seo\/ -->\n<title>Ausbaustufen - VDhaus<\/title>\n<meta name=\"robots\" content=\"index, follow, max-snippet:-1, max-image-preview:large, max-video-preview:-1\" \/>\n<link rel=\"canonical\" href=\"https:\/\/www.vdhaus.sk\/de\/ausbaustufen\/\" \/>\n<meta property=\"og:locale\" content=\"de_DE\" \/>\n<meta property=\"og:type\" content=\"article\" \/>\n<meta property=\"og:title\" content=\"Ausbaustufen - VDhaus\" \/>\n<meta property=\"og:description\" content=\"Ausbauhaus Ausbauhaus bedeutet bei uns alles ab: Bodenplatte Dach Fassade Fenster mit 3-fach Isolierverglasung Innenanstriche Leitungen (Wasser, Strom, Abwasser, Gas) Blitzableiter Schaltschrank Fu\u00dfbodenheizung Hauseingangst\u00fcr Schl\u00fcsselfertig Montage \u2013 Sanit\u00e4rgegenst\u00e4nde, Lichtschalter, Steckdosen, Wandfliesen, Bodenfliesen, Leuchten, verlegte Fu\u00dfbodenbel\u00e4ge, Innent\u00fcren L\u00fcftungsanlage mit W\u00e4rmer\u00fcckgewinnung Sicherheitssystem (Alarmanlage) Boiler (Wassererhitzer) Wand- und Bodenfliesen, ausgew\u00e4hlt nach Katalog Laminatboden Laminatboden Badezimmer-Ausstattung (Badewanne, Dusche, Waschbecken, ... Ausbaustufen\" \/>\n<meta property=\"og:url\" content=\"https:\/\/www.vdhaus.sk\/de\/ausbaustufen\/\" \/>\n<meta property=\"og:site_name\" content=\"VDhaus\" \/>\n<meta property=\"article:modified_time\" content=\"2024-04-19T10:48:45+00:00\" \/>\n<meta property=\"og:image\" content=\"https:\/\/www.vdhaus.sk\/wp-content\/uploads\/2023\/02\/pexels-max-vakhtbovych-6758771.jpg\" \/>\n\t<meta property=\"og:image:width\" content=\"2500\" \/>\n\t<meta property=\"og:image:height\" content=\"1671\" \/>\n\t<meta property=\"og:image:type\" content=\"image\/jpeg\" \/>\n<meta name=\"twitter:card\" content=\"summary_large_image\" \/>\n<script type=\"application\/ld+json\" class=\"yoast-schema-graph\">{\"@context\":\"https:\/\/schema.org\",\"@graph\":[{\"@type\":\"WebPage\",\"@id\":\"https:\/\/www.vdhaus.sk\/de\/ausbaustufen\/\",\"url\":\"https:\/\/www.vdhaus.sk\/de\/ausbaustufen\/\",\"name\":\"Ausbaustufen - VDhaus\",\"isPartOf\":{\"@id\":\"https:\/\/www.vdhaus.sk\/de\/#website\"},\"datePublished\":\"2023-02-15T06:57:48+00:00\",\"dateModified\":\"2024-04-19T10:48:45+00:00\",\"breadcrumb\":{\"@id\":\"https:\/\/www.vdhaus.sk\/de\/ausbaustufen\/#breadcrumb\"},\"inLanguage\":\"de\",\"potentialAction\":[{\"@type\":\"ReadAction\",\"target\":[\"https:\/\/www.vdhaus.sk\/de\/ausbaustufen\/\"]}]},{\"@type\":\"BreadcrumbList\",\"@id\":\"https:\/\/www.vdhaus.sk\/de\/ausbaustufen\/#breadcrumb\",\"itemListElement\":[{\"@type\":\"ListItem\",\"position\":1,\"name\":\"Domovsk\u00e1 str\u00e1nka\",\"item\":\"https:\/\/www.vdhaus.sk\/de\/\"},{\"@type\":\"ListItem\",\"position\":2,\"name\":\"Ausbaustufen\"}]},{\"@type\":\"WebSite\",\"@id\":\"https:\/\/www.vdhaus.sk\/de\/#website\",\"url\":\"https:\/\/www.vdhaus.sk\/de\/\",\"name\":\"VDhaus\",\"description\":\"\",\"potentialAction\":[{\"@type\":\"SearchAction\",\"target\":{\"@type\":\"EntryPoint\",\"urlTemplate\":\"https:\/\/www.vdhaus.sk\/de\/?s={search_term_string}\"},\"query-input\":\"required name=search_term_string\"}],\"inLanguage\":\"de\"}]}<\/script>\n<!-- \/ Yoast SEO plugin. -->","yoast_head_json":{"title":"Ausbaustufen - VDhaus","robots":{"index":"index","follow":"follow","max-snippet":"max-snippet:-1","max-image-preview":"max-image-preview:large","max-video-preview":"max-video-preview:-1"},"canonical":"https:\/\/www.vdhaus.sk\/de\/ausbaustufen\/","og_locale":"de_DE","og_type":"article","og_title":"Ausbaustufen - VDhaus","og_description":"Ausbauhaus Ausbauhaus bedeutet bei uns alles ab: Bodenplatte Dach Fassade Fenster mit 3-fach Isolierverglasung Innenanstriche Leitungen (Wasser, Strom, Abwasser, Gas) Blitzableiter Schaltschrank Fu\u00dfbodenheizung Hauseingangst\u00fcr Schl\u00fcsselfertig Montage \u2013 Sanit\u00e4rgegenst\u00e4nde, Lichtschalter, Steckdosen, Wandfliesen, Bodenfliesen, Leuchten, verlegte Fu\u00dfbodenbel\u00e4ge, Innent\u00fcren L\u00fcftungsanlage mit W\u00e4rmer\u00fcckgewinnung Sicherheitssystem (Alarmanlage) Boiler (Wassererhitzer) Wand- und Bodenfliesen, ausgew\u00e4hlt nach Katalog Laminatboden Laminatboden Badezimmer-Ausstattung (Badewanne, Dusche, Waschbecken, ... Ausbaustufen","og_url":"https:\/\/www.vdhaus.sk\/de\/ausbaustufen\/","og_site_name":"VDhaus","article_modified_time":"2024-04-19T10:48:45+00:00","og_image":[{"width":2500,"height":1671,"url":"https:\/\/www.vdhaus.sk\/wp-content\/uploads\/2023\/02\/pexels-max-vakhtbovych-6758771.jpg","type":"image\/jpeg"}],"twitter_card":"summary_large_image","schema":{"@context":"https:\/\/schema.org","@graph":[{"@type":"WebPage","@id":"https:\/\/www.vdhaus.sk\/de\/ausbaustufen\/","url":"https:\/\/www.vdhaus.sk\/de\/ausbaustufen\/","name":"Ausbaustufen - VDhaus","isPartOf":{"@id":"https:\/\/www.vdhaus.sk\/de\/#website"},"datePublished":"2023-02-15T06:57:48+00:00","dateModified":"2024-04-19T10:48:45+00:00","breadcrumb":{"@id":"https:\/\/www.vdhaus.sk\/de\/ausbaustufen\/#breadcrumb"},"inLanguage":"de","potentialAction":[{"@type":"ReadAction","target":["https:\/\/www.vdhaus.sk\/de\/ausbaustufen\/"]}]},{"@type":"BreadcrumbList","@id":"https:\/\/www.vdhaus.sk\/de\/ausbaustufen\/#breadcrumb","itemListElement":[{"@type":"ListItem","position":1,"name":"Domovsk\u00e1 str\u00e1nka","item":"https:\/\/www.vdhaus.sk\/de\/"},{"@type":"ListItem","position":2,"name":"Ausbaustufen"}]},{"@type":"WebSite","@id":"https:\/\/www.vdhaus.sk\/de\/#website","url":"https:\/\/www.vdhaus.sk\/de\/","name":"VDhaus","description":"","potentialAction":[{"@type":"SearchAction","target":{"@type":"EntryPoint","urlTemplate":"https:\/\/www.vdhaus.sk\/de\/?s={search_term_string}"},"query-input":"required name=search_term_string"}],"inLanguage":"de"}]}},"_links":{"self":[{"href":"https:\/\/www.vdhaus.sk\/de\/wp-json\/wp\/v2\/pages\/837","targetHints":{"allow":["GET"]}}],"collection":[{"href":"https:\/\/www.vdhaus.sk\/de\/wp-json\/wp\/v2\/pages"}],"about":[{"href":"https:\/\/www.vdhaus.sk\/de\/wp-json\/wp\/v2\/types\/page"}],"author":[{"embeddable":true,"href":"https:\/\/www.vdhaus.sk\/de\/wp-json\/wp\/v2\/users\/3"}],"replies":[{"embeddable":true,"href":"https:\/\/www.vdhaus.sk\/de\/wp-json\/wp\/v2\/comments?post=837"}],"version-history":[{"count":3,"href":"https:\/\/www.vdhaus.sk\/de\/wp-json\/wp\/v2\/pages\/837\/revisions"}],"predecessor-version":[{"id":840,"href":"https:\/\/www.vdhaus.sk\/de\/wp-json\/wp\/v2\/pages\/837\/revisions\/840"}],"wp:featuredmedia":[{"embeddable":true,"href":"https:\/\/www.vdhaus.sk\/de\/wp-json\/wp\/v2\/media\/717"}],"wp:attachment":[{"href":"https:\/\/www.vdhaus.sk\/de\/wp-json\/wp\/v2\/media?parent=837"}],"curies":[{"name":"wp","href":"https:\/\/api.w.org\/{rel}","templated":true}]}}